{"id":577,"date":"2024-04-24T11:33:53","date_gmt":"2024-04-24T11:33:53","guid":{"rendered":"https:\/\/londresguias.com\/london-guides-blog\/"},"modified":"2024-06-07T10:27:11","modified_gmt":"2024-06-07T10:27:11","slug":"london-guides-blog","status":"publish","type":"page","link":"https:\/\/londresguias.com\/en\/london-guides-blog\/","title":{"rendered":"London &#038; Guides Blog"},"content":{"rendered":"\t\t<div data-elementor-type=\"wp-page\" data-elementor-id=\"577\" class=\"elementor elementor-577 elementor-55\" data-elementor-post-type=\"page\">\n\t\t\t\t<div class=\"elementor-element elementor-element-ad1fcab e-flex e-con-boxed e-con e-parent\" data-id=\"ad1fcab\" data-element_type=\"container\" data-e-type=\"container\" data-settings=\"{&quot;background_background&quot;:&quot;classic&quot;}\">\n\t\t\t\t\t<div class=\"e-con-inner\">\n\t\t<div class=\"elementor-element elementor-element-95240bf e-con-full e-flex e-con e-child\" data-id=\"95240bf\" data-element_type=\"container\" data-e-type=\"container\">\n\t\t\t\t<\/div>\n\t\t\t\t\t<\/div>\n\t\t\t\t<\/div>\n\t\t<div class=\"elementor-element elementor-element-948b786 e-flex e-con-boxed e-con e-parent\" data-id=\"948b786\" data-element_type=\"container\" data-e-type=\"container\">\n\t\t\t\t\t<div class=\"e-con-inner\">\n\t\t\t\t<div class=\"elementor-element elementor-element-99f4a14 elementor-grid-2 elementor-grid-tablet-2 elementor-grid-mobile-1 elementor-widget elementor-widget-loop-grid\" data-id=\"99f4a14\" data-element_type=\"widget\" data-e-type=\"widget\" data-settings=\"{&quot;template_id&quot;:579,&quot;columns&quot;:2,&quot;pagination_type&quot;:&quot;load_more_on_click&quot;,&quot;_skin&quot;:&quot;post&quot;,&quot;columns_tablet&quot;:&quot;2&quot;,&quot;columns_mobile&quot;:&quot;1&quot;,&quot;edit_handle_selector&quot;:&quot;[data-elementor-type=\\&quot;loop-item\\&quot;]&quot;,&quot;load_more_spinner&quot;:{&quot;value&quot;:&quot;fas fa-spinner&quot;,&quot;library&quot;:&quot;fa-solid&quot;},&quot;row_gap&quot;:{&quot;unit&quot;:&quot;px&quot;,&quot;size&quot;:&quot;&quot;,&quot;sizes&quot;:[]},&quot;row_gap_tablet&quot;:{&quot;unit&quot;:&quot;px&quot;,&quot;size&quot;:&quot;&quot;,&quot;sizes&quot;:[]},&quot;row_gap_mobile&quot;:{&quot;unit&quot;:&quot;px&quot;,&quot;size&quot;:&quot;&quot;,&quot;sizes&quot;:[]}}\" data-widget_type=\"loop-grid.post\">\n\t\t\t\t<div class=\"elementor-widget-container\">\n\t\t\t\t\t\t\t<div class=\"elementor-loop-container elementor-grid\" role=\"list\">\n\t\t<style id=\"loop-579\">.elementor-579 .elementor-element.elementor-element-5f3c3fa1{--display:flex;--flex-direction:column;--container-widget-width:100%;--container-widget-height:initial;--container-widget-flex-grow:0;--container-widget-align-self:initial;--flex-wrap-mobile:wrap;--justify-content:space-evenly;}.elementor-widget-theme-post-featured-image .widget-image-caption{color:var( --e-global-color-text );font-family:var( --e-global-typography-text-font-family ), Sans-serif;font-weight:var( --e-global-typography-text-font-weight );}.elementor-579 .elementor-element.elementor-element-5775c424 img{height:400px;object-fit:cover;object-position:center center;}.elementor-widget-theme-post-title .elementor-heading-title{font-family:var( --e-global-typography-primary-font-family ), Sans-serif;font-weight:var( --e-global-typography-primary-font-weight );color:var( --e-global-color-primary );}.elementor-579 .elementor-element.elementor-element-72590309 .elementor-heading-title{font-family:\"Montserrat\", Sans-serif;font-size:33px;font-weight:500;}.elementor-widget-theme-post-excerpt .elementor-widget-container{font-family:var( --e-global-typography-text-font-family ), Sans-serif;font-weight:var( --e-global-typography-text-font-weight );color:var( --e-global-color-text );}.elementor-579 .elementor-element.elementor-element-1aa58cd1 .elementor-widget-container{font-family:\"Montserrat\", Sans-serif;font-weight:400;}.elementor-widget-button .elementor-button{font-family:var( --e-global-typography-accent-font-family ), Sans-serif;font-weight:var( --e-global-typography-accent-font-weight );background-color:var( --e-global-color-accent );}.elementor-579 .elementor-element.elementor-element-2593049 .elementor-button{font-family:\"Montserrat\", Sans-serif;font-size:17px;font-weight:500;background-color:var( --e-global-color-primary );}.elementor-579 .elementor-element.elementor-element-2593049 .elementor-button:hover, .elementor-579 .elementor-element.elementor-element-2593049 .elementor-button:focus{background-color:var( --e-global-color-secondary );}@media(max-width:1024px){.elementor-579 .elementor-element.elementor-element-5775c424 img{height:300px;}.elementor-579 .elementor-element.elementor-element-72590309 .elementor-heading-title{font-size:22px;line-height:1.2em;}.elementor-579 .elementor-element.elementor-element-1aa58cd1 .elementor-widget-container{font-size:16px;}.elementor-579 .elementor-element.elementor-element-2593049 .elementor-button{font-size:16px;}}@media(max-width:767px){.elementor-579 .elementor-element.elementor-element-5775c424 img{height:220px;}}<\/style>\t\t<div data-elementor-type=\"loop-item\" data-elementor-id=\"579\" class=\"elementor elementor-579 elementor-561 elementor-561 e-loop-item e-loop-item-623 post-623 post type-post status-publish format-standard has-post-thumbnail hentry category-blog-en\" data-elementor-post-type=\"elementor_library\" data-custom-edit-handle=\"1\">\n\t\t\t<div class=\"elementor-element elementor-element-5f3c3fa1 e-flex e-con-boxed e-con e-parent\" data-id=\"5f3c3fa1\" data-element_type=\"container\" data-e-type=\"container\">\n\t\t\t\t\t<div class=\"e-con-inner\">\n\t\t\t\t<div class=\"elementor-element elementor-element-5775c424 elementor-widget elementor-widget-theme-post-featured-image elementor-widget-image\" data-id=\"5775c424\" data-element_type=\"widget\" data-e-type=\"widget\" data-widget_type=\"theme-post-featured-image.default\">\n\t\t\t\t<div class=\"elementor-widget-container\">\n\t\t\t\t\t\t\t\t\t\t\t\t\t\t\t<img fetchpriority=\"high\" decoding=\"async\" width=\"1020\" height=\"700\" src=\"https:\/\/londresguias.com\/wp-content\/uploads\/2024\/05\/Big-Ben-stret.webp\" class=\"attachment-full size-full wp-image-419\" alt=\"Blog de Londres\" srcset=\"https:\/\/londresguias.com\/wp-content\/uploads\/2024\/05\/Big-Ben-stret.webp 1020w, https:\/\/londresguias.com\/wp-content\/uploads\/2024\/05\/Big-Ben-stret-300x206.webp 300w, https:\/\/londresguias.com\/wp-content\/uploads\/2024\/05\/Big-Ben-stret-768x527.webp 768w\" sizes=\"(max-width: 1020px) 100vw, 1020px\" \/>\t\t\t\t\t\t\t\t\t\t\t\t\t\t\t<\/div>\n\t\t\t\t<\/div>\n\t\t\t\t<div class=\"elementor-element elementor-element-72590309 elementor-widget elementor-widget-theme-post-title elementor-page-title elementor-widget-heading\" data-id=\"72590309\" data-element_type=\"widget\" data-e-type=\"widget\" data-widget_type=\"theme-post-title.default\">\n\t\t\t\t<div class=\"elementor-widget-container\">\n\t\t\t\t\t<h1 class=\"elementor-heading-title elementor-size-default\">Essential Information for Planning Your Trip to London<\/h1>\t\t\t\t<\/div>\n\t\t\t\t<\/div>\n\t\t\t\t<div class=\"elementor-element elementor-element-1aa58cd1 elementor-widget elementor-widget-theme-post-excerpt\" data-id=\"1aa58cd1\" data-element_type=\"widget\" data-e-type=\"widget\" data-widget_type=\"theme-post-excerpt.default\">\n\t\t\t\t<div class=\"elementor-widget-container\">\n\t\t\t\t\t<p>London, the bustling capital of the United Kingdom, is one of the most visited cities in the world. With its rich history, vibrant cultural life,...\t\t\t\t<\/div>\n\t\t\t\t<\/div>\n\t\t\t\t<div class=\"elementor-element elementor-element-2593049 elementor-widget elementor-widget-button\" data-id=\"2593049\" data-element_type=\"widget\" data-e-type=\"widget\" data-widget_type=\"button.default\">\n\t\t\t\t<div class=\"elementor-widget-container\">\n\t\t\t\t\t\t\t\t\t<div class=\"elementor-button-wrapper\">\n\t\t\t\t\t<a class=\"elementor-button elementor-button-link elementor-size-sm\" href=\"https:\/\/londresguias.com\/en\/essential-information-for-planning-your-trip-to-london-2\/\">\n\t\t\t\t\t\t<span class=\"elementor-button-content-wrapper\">\n\t\t\t\t\t\t\t\t\t<span class=\"elementor-button-text\">Read more<\/span>\n\t\t\t\t\t<\/span>\n\t\t\t\t\t<\/a>\n\t\t\t\t<\/div>\n\t\t\t\t\t\t\t\t<\/div>\n\t\t\t\t<\/div>\n\t\t\t\t\t<\/div>\n\t\t\t\t<\/div>\n\t\t\t\t<\/div>\n\t\t\t\t<div data-elementor-type=\"loop-item\" data-elementor-id=\"579\" class=\"elementor elementor-579 elementor-561 elementor-561 e-loop-item e-loop-item-575 post-575 post type-post status-publish format-standard has-post-thumbnail hentry category-blog-en\" data-elementor-post-type=\"elementor_library\" data-custom-edit-handle=\"1\">\n\t\t\t<div class=\"elementor-element elementor-element-5f3c3fa1 e-flex e-con-boxed e-con e-parent\" data-id=\"5f3c3fa1\" data-element_type=\"container\" data-e-type=\"container\">\n\t\t\t\t\t<div class=\"e-con-inner\">\n\t\t\t\t<div class=\"elementor-element elementor-element-5775c424 elementor-widget elementor-widget-theme-post-featured-image elementor-widget-image\" data-id=\"5775c424\" data-element_type=\"widget\" data-e-type=\"widget\" data-widget_type=\"theme-post-featured-image.default\">\n\t\t\t\t<div class=\"elementor-widget-container\">\n\t\t\t\t\t\t\t\t\t\t\t\t\t\t\t<img decoding=\"async\" width=\"1020\" height=\"700\" src=\"https:\/\/londresguias.com\/wp-content\/uploads\/2024\/05\/Noria-de-Londres.webp\" class=\"attachment-full size-full wp-image-428\" alt=\"\" srcset=\"https:\/\/londresguias.com\/wp-content\/uploads\/2024\/05\/Noria-de-Londres.webp 1020w, https:\/\/londresguias.com\/wp-content\/uploads\/2024\/05\/Noria-de-Londres-300x206.webp 300w, https:\/\/londresguias.com\/wp-content\/uploads\/2024\/05\/Noria-de-Londres-768x527.webp 768w\" sizes=\"(max-width: 1020px) 100vw, 1020px\" \/>\t\t\t\t\t\t\t\t\t\t\t\t\t\t\t<\/div>\n\t\t\t\t<\/div>\n\t\t\t\t<div class=\"elementor-element elementor-element-72590309 elementor-widget elementor-widget-theme-post-title elementor-page-title elementor-widget-heading\" data-id=\"72590309\" data-element_type=\"widget\" data-e-type=\"widget\" data-widget_type=\"theme-post-title.default\">\n\t\t\t\t<div class=\"elementor-widget-container\">\n\t\t\t\t\t<h1 class=\"elementor-heading-title elementor-size-default\">Discover the British Capital: Unforgettable Tours and Trips in London<\/h1>\t\t\t\t<\/div>\n\t\t\t\t<\/div>\n\t\t\t\t<div class=\"elementor-element elementor-element-1aa58cd1 elementor-widget elementor-widget-theme-post-excerpt\" data-id=\"1aa58cd1\" data-element_type=\"widget\" data-e-type=\"widget\" data-widget_type=\"theme-post-excerpt.default\">\n\t\t\t\t<div class=\"elementor-widget-container\">\n\t\t\t\t\t<p>London: Unforgettable Tours and Trips in the British Capital London, the vibrant capital of the United Kingdom, is a city that blends the old with...\t\t\t\t<\/div>\n\t\t\t\t<\/div>\n\t\t\t\t<div class=\"elementor-element elementor-element-2593049 elementor-widget elementor-widget-button\" data-id=\"2593049\" data-element_type=\"widget\" data-e-type=\"widget\" data-widget_type=\"button.default\">\n\t\t\t\t<div class=\"elementor-widget-container\">\n\t\t\t\t\t\t\t\t\t<div class=\"elementor-button-wrapper\">\n\t\t\t\t\t<a class=\"elementor-button elementor-button-link elementor-size-sm\" href=\"https:\/\/londresguias.com\/en\/tours-trips-london\/\">\n\t\t\t\t\t\t<span class=\"elementor-button-content-wrapper\">\n\t\t\t\t\t\t\t\t\t<span class=\"elementor-button-text\">Read more<\/span>\n\t\t\t\t\t<\/span>\n\t\t\t\t\t<\/a>\n\t\t\t\t<\/div>\n\t\t\t\t\t\t\t\t<\/div>\n\t\t\t\t<\/div>\n\t\t\t\t\t<\/div>\n\t\t\t\t<\/div>\n\t\t\t\t<\/div>\n\t\t\t\t<\/div>\n\t\t\t\t\t<span class=\"e-load-more-spinner\">\n\t\t\t\t<i aria-hidden=\"true\" class=\"fas fa-spinner\"><\/i>\t\t\t<\/span>\n\t\t\n\t\t\t\t\t\t<\/div>\n\t\t\t\t<\/div>\n\t\t\t\t\t<\/div>\n\t\t\t\t<\/div>\n\t\t\t\t<\/div>\n\t\t","protected":false},"excerpt":{"rendered":"","protected":false},"author":2,"featured_media":677,"parent":0,"menu_order":0,"comment_status":"closed","ping_status":"closed","template":"","meta":{"_joinchat":[],"footnotes":""},"class_list":["post-577","page","type-page","status-publish","has-post-thumbnail","hentry"],"yoast_head":"<!-- This site is optimized with the Yoast SEO plugin v27.5 - https:\/\/yoast.com\/product\/yoast-seo-wordpress\/ -->\n<title>Blog de Londres Gu\u00edas y Tours | London Guides &amp; Tours<\/title>\n<meta name=\"description\" content=\"Necesitas informaci\u00f3n sobre la City para planificar mejor tu visita, lee nuestro blog de Londres y ll\u00e9vate las mejores ideas para tu viaje.\" \/>\n<meta name=\"robots\" content=\"index, follow, max-snippet:-1, max-image-preview:large, max-video-preview:-1\" \/>\n<link rel=\"canonical\" href=\"https:\/\/londresguias.com\/en\/london-guides-blog\/\" \/>\n<meta property=\"og:locale\" content=\"en_US\" \/>\n<meta property=\"og:type\" content=\"article\" \/>\n<meta property=\"og:title\" content=\"Blog de Londres Gu\u00edas y Tours | London Guides &amp; Tours\" \/>\n<meta property=\"og:description\" content=\"Necesitas informaci\u00f3n sobre la City para planificar mejor tu visita, lee nuestro blog de Londres y ll\u00e9vate las mejores ideas para tu viaje.\" \/>\n<meta property=\"og:url\" content=\"https:\/\/londresguias.com\/en\/london-guides-blog\/\" \/>\n<meta property=\"og:site_name\" content=\"Londres guias y tours\" \/>\n<meta property=\"article:publisher\" content=\"https:\/\/www.facebook.com\/amsterdamguias\/\" \/>\n<meta property=\"article:modified_time\" content=\"2024-06-07T10:27:11+00:00\" \/>\n<meta property=\"og:image\" content=\"https:\/\/londresguias.com\/wp-content\/uploads\/2024\/05\/Big-Ben-stret.webp\" \/>\n<meta name=\"twitter:card\" content=\"summary_large_image\" \/>\n<meta name=\"twitter:image\" content=\"https:\/\/londresguias.com\/wp-content\/uploads\/2024\/05\/Big-Ben-stret.webp\" \/>\n<meta name=\"twitter:site\" content=\"@guiasytours\" \/>\n<script type=\"application\/ld+json\" class=\"yoast-schema-graph\">{\"@context\":\"https:\\\/\\\/schema.org\",\"@graph\":[{\"@type\":\"WebPage\",\"@id\":\"https:\\\/\\\/londresguias.com\\\/en\\\/london-guides-blog\\\/\",\"url\":\"https:\\\/\\\/londresguias.com\\\/en\\\/london-guides-blog\\\/\",\"name\":\"Blog de Londres Gu\u00edas y Tours | London Guides & Tours\",\"isPartOf\":{\"@id\":\"https:\\\/\\\/londresguias.com\\\/en\\\/#website\"},\"primaryImageOfPage\":{\"@id\":\"https:\\\/\\\/londresguias.com\\\/en\\\/london-guides-blog\\\/#primaryimage\"},\"image\":{\"@id\":\"https:\\\/\\\/londresguias.com\\\/en\\\/london-guides-blog\\\/#primaryimage\"},\"thumbnailUrl\":\"https:\\\/\\\/londresguias.com\\\/wp-content\\\/uploads\\\/2024\\\/06\\\/Panoramica-Londres-Guias.webp\",\"datePublished\":\"2024-04-24T11:33:53+00:00\",\"dateModified\":\"2024-06-07T10:27:11+00:00\",\"description\":\"Necesitas informaci\u00f3n sobre la City para planificar mejor tu visita, lee nuestro blog de Londres y ll\u00e9vate las mejores ideas para tu viaje.\",\"breadcrumb\":{\"@id\":\"https:\\\/\\\/londresguias.com\\\/en\\\/london-guides-blog\\\/#breadcrumb\"},\"inLanguage\":\"en-US\",\"potentialAction\":[{\"@type\":\"ReadAction\",\"target\":[\"https:\\\/\\\/londresguias.com\\\/en\\\/london-guides-blog\\\/\"]}]},{\"@type\":\"ImageObject\",\"inLanguage\":\"en-US\",\"@id\":\"https:\\\/\\\/londresguias.com\\\/en\\\/london-guides-blog\\\/#primaryimage\",\"url\":\"https:\\\/\\\/londresguias.com\\\/wp-content\\\/uploads\\\/2024\\\/06\\\/Panoramica-Londres-Guias.webp\",\"contentUrl\":\"https:\\\/\\\/londresguias.com\\\/wp-content\\\/uploads\\\/2024\\\/06\\\/Panoramica-Londres-Guias.webp\",\"width\":1920,\"height\":760,\"caption\":\"Panor\u00e1mica Londres Guias\"},{\"@type\":\"BreadcrumbList\",\"@id\":\"https:\\\/\\\/londresguias.com\\\/en\\\/london-guides-blog\\\/#breadcrumb\",\"itemListElement\":[{\"@type\":\"ListItem\",\"position\":1,\"name\":\"Portada\",\"item\":\"https:\\\/\\\/londresguias.com\\\/en\\\/\"},{\"@type\":\"ListItem\",\"position\":2,\"name\":\"London &#038; Guides Blog\"}]},{\"@type\":\"WebSite\",\"@id\":\"https:\\\/\\\/londresguias.com\\\/en\\\/#website\",\"url\":\"https:\\\/\\\/londresguias.com\\\/en\\\/\",\"name\":\"Londres Guias y Tours\",\"description\":\"LGT\",\"publisher\":{\"@id\":\"https:\\\/\\\/londresguias.com\\\/en\\\/#organization\"},\"alternateName\":\"Londres Guias & Tours\",\"potentialAction\":[{\"@type\":\"SearchAction\",\"target\":{\"@type\":\"EntryPoint\",\"urlTemplate\":\"https:\\\/\\\/londresguias.com\\\/en\\\/?s={search_term_string}\"},\"query-input\":{\"@type\":\"PropertyValueSpecification\",\"valueRequired\":true,\"valueName\":\"search_term_string\"}}],\"inLanguage\":\"en-US\"},{\"@type\":\"Organization\",\"@id\":\"https:\\\/\\\/londresguias.com\\\/en\\\/#organization\",\"name\":\"Londres Guias & Tours\",\"alternateName\":\"London Guides & Tours\",\"url\":\"https:\\\/\\\/londresguias.com\\\/en\\\/\",\"logo\":{\"@type\":\"ImageObject\",\"inLanguage\":\"en-US\",\"@id\":\"https:\\\/\\\/londresguias.com\\\/en\\\/#\\\/schema\\\/logo\\\/image\\\/\",\"url\":\"https:\\\/\\\/londresguias.com\\\/wp-content\\\/uploads\\\/2024\\\/06\\\/Logo-horizontal-AGT-def-londres_es.webp\",\"contentUrl\":\"https:\\\/\\\/londresguias.com\\\/wp-content\\\/uploads\\\/2024\\\/06\\\/Logo-horizontal-AGT-def-londres_es.webp\",\"width\":400,\"height\":120,\"caption\":\"Londres Guias & Tours\"},\"image\":{\"@id\":\"https:\\\/\\\/londresguias.com\\\/en\\\/#\\\/schema\\\/logo\\\/image\\\/\"},\"sameAs\":[\"https:\\\/\\\/www.facebook.com\\\/amsterdamguias\\\/\",\"https:\\\/\\\/x.com\\\/guiasytours\",\"https:\\\/\\\/www.linkedin.com\\\/company\\\/guias-tours\\\/\",\"https:\\\/\\\/www.tripadvisor.es\\\/Attraction_Review-g188590-d12659487-Reviews-Amsterdam_Guias_Tours-Amsterdam_North_Holland_Province.html\",\"https:\\\/\\\/www.youtube.com\\\/channel\\\/UCZk3bP991BpbU5hXyqwT7yQ\",\"https:\\\/\\\/www.tiktok.com\\\/@guiasytours\"]}]}<\/script>\n<!-- \/ Yoast SEO plugin. -->","yoast_head_json":{"title":"Blog de Londres Gu\u00edas y Tours | London Guides & Tours","description":"Necesitas informaci\u00f3n sobre la City para planificar mejor tu visita, lee nuestro blog de Londres y ll\u00e9vate las mejores ideas para tu viaje.","robots":{"index":"index","follow":"follow","max-snippet":"max-snippet:-1","max-image-preview":"max-image-preview:large","max-video-preview":"max-video-preview:-1"},"canonical":"https:\/\/londresguias.com\/en\/london-guides-blog\/","og_locale":"en_US","og_type":"article","og_title":"Blog de Londres Gu\u00edas y Tours | London Guides & Tours","og_description":"Necesitas informaci\u00f3n sobre la City para planificar mejor tu visita, lee nuestro blog de Londres y ll\u00e9vate las mejores ideas para tu viaje.","og_url":"https:\/\/londresguias.com\/en\/london-guides-blog\/","og_site_name":"Londres guias y tours","article_publisher":"https:\/\/www.facebook.com\/amsterdamguias\/","article_modified_time":"2024-06-07T10:27:11+00:00","og_image":[{"url":"https:\/\/londresguias.com\/wp-content\/uploads\/2024\/05\/Big-Ben-stret.webp","type":"","width":"","height":""}],"twitter_card":"summary_large_image","twitter_image":"https:\/\/londresguias.com\/wp-content\/uploads\/2024\/05\/Big-Ben-stret.webp","twitter_site":"@guiasytours","schema":{"@context":"https:\/\/schema.org","@graph":[{"@type":"WebPage","@id":"https:\/\/londresguias.com\/en\/london-guides-blog\/","url":"https:\/\/londresguias.com\/en\/london-guides-blog\/","name":"Blog de Londres Gu\u00edas y Tours | London Guides & Tours","isPartOf":{"@id":"https:\/\/londresguias.com\/en\/#website"},"primaryImageOfPage":{"@id":"https:\/\/londresguias.com\/en\/london-guides-blog\/#primaryimage"},"image":{"@id":"https:\/\/londresguias.com\/en\/london-guides-blog\/#primaryimage"},"thumbnailUrl":"https:\/\/londresguias.com\/wp-content\/uploads\/2024\/06\/Panoramica-Londres-Guias.webp","datePublished":"2024-04-24T11:33:53+00:00","dateModified":"2024-06-07T10:27:11+00:00","description":"Necesitas informaci\u00f3n sobre la City para planificar mejor tu visita, lee nuestro blog de Londres y ll\u00e9vate las mejores ideas para tu viaje.","breadcrumb":{"@id":"https:\/\/londresguias.com\/en\/london-guides-blog\/#breadcrumb"},"inLanguage":"en-US","potentialAction":[{"@type":"ReadAction","target":["https:\/\/londresguias.com\/en\/london-guides-blog\/"]}]},{"@type":"ImageObject","inLanguage":"en-US","@id":"https:\/\/londresguias.com\/en\/london-guides-blog\/#primaryimage","url":"https:\/\/londresguias.com\/wp-content\/uploads\/2024\/06\/Panoramica-Londres-Guias.webp","contentUrl":"https:\/\/londresguias.com\/wp-content\/uploads\/2024\/06\/Panoramica-Londres-Guias.webp","width":1920,"height":760,"caption":"Panor\u00e1mica Londres Guias"},{"@type":"BreadcrumbList","@id":"https:\/\/londresguias.com\/en\/london-guides-blog\/#breadcrumb","itemListElement":[{"@type":"ListItem","position":1,"name":"Portada","item":"https:\/\/londresguias.com\/en\/"},{"@type":"ListItem","position":2,"name":"London &#038; Guides Blog"}]},{"@type":"WebSite","@id":"https:\/\/londresguias.com\/en\/#website","url":"https:\/\/londresguias.com\/en\/","name":"Londres Guias y Tours","description":"LGT","publisher":{"@id":"https:\/\/londresguias.com\/en\/#organization"},"alternateName":"Londres Guias & Tours","potentialAction":[{"@type":"SearchAction","target":{"@type":"EntryPoint","urlTemplate":"https:\/\/londresguias.com\/en\/?s={search_term_string}"},"query-input":{"@type":"PropertyValueSpecification","valueRequired":true,"valueName":"search_term_string"}}],"inLanguage":"en-US"},{"@type":"Organization","@id":"https:\/\/londresguias.com\/en\/#organization","name":"Londres Guias & Tours","alternateName":"London Guides & Tours","url":"https:\/\/londresguias.com\/en\/","logo":{"@type":"ImageObject","inLanguage":"en-US","@id":"https:\/\/londresguias.com\/en\/#\/schema\/logo\/image\/","url":"https:\/\/londresguias.com\/wp-content\/uploads\/2024\/06\/Logo-horizontal-AGT-def-londres_es.webp","contentUrl":"https:\/\/londresguias.com\/wp-content\/uploads\/2024\/06\/Logo-horizontal-AGT-def-londres_es.webp","width":400,"height":120,"caption":"Londres Guias & Tours"},"image":{"@id":"https:\/\/londresguias.com\/en\/#\/schema\/logo\/image\/"},"sameAs":["https:\/\/www.facebook.com\/amsterdamguias\/","https:\/\/x.com\/guiasytours","https:\/\/www.linkedin.com\/company\/guias-tours\/","https:\/\/www.tripadvisor.es\/Attraction_Review-g188590-d12659487-Reviews-Amsterdam_Guias_Tours-Amsterdam_North_Holland_Province.html","https:\/\/www.youtube.com\/channel\/UCZk3bP991BpbU5hXyqwT7yQ","https:\/\/www.tiktok.com\/@guiasytours"]}]}},"_links":{"self":[{"href":"https:\/\/londresguias.com\/en\/wp-json\/wp\/v2\/pages\/577","targetHints":{"allow":["GET"]}}],"collection":[{"href":"https:\/\/londresguias.com\/en\/wp-json\/wp\/v2\/pages"}],"about":[{"href":"https:\/\/londresguias.com\/en\/wp-json\/wp\/v2\/types\/page"}],"author":[{"embeddable":true,"href":"https:\/\/londresguias.com\/en\/wp-json\/wp\/v2\/users\/2"}],"replies":[{"embeddable":true,"href":"https:\/\/londresguias.com\/en\/wp-json\/wp\/v2\/comments?post=577"}],"version-history":[{"count":0,"href":"https:\/\/londresguias.com\/en\/wp-json\/wp\/v2\/pages\/577\/revisions"}],"wp:featuredmedia":[{"embeddable":true,"href":"https:\/\/londresguias.com\/en\/wp-json\/wp\/v2\/media\/677"}],"wp:attachment":[{"href":"https:\/\/londresguias.com\/en\/wp-json\/wp\/v2\/media?parent=577"}],"curies":[{"name":"wp","href":"https:\/\/api.w.org\/{rel}","templated":true}]}}